{"id":232,"date":"2022-10-15T22:55:01","date_gmt":"2022-10-15T20:55:01","guid":{"rendered":"https:\/\/v-kleist.com\/WordPress\/?page_id=232"},"modified":"2022-10-18T19:42:09","modified_gmt":"2022-10-18T17:42:09","slug":"login","status":"publish","type":"page","link":"https:\/\/v-kleist.com\/WordPress\/login\/","title":{"rendered":"Anmelden"},"content":{"rendered":"\n<div class=\"um um-login um-228\">\n\t<div class=\"um-form\">\n\t\t<form method=\"post\" action=\"\" autocomplete=\"off\">\n\t\t\t<div class=\"um-row _um_row_1 \" style=\"margin: 0 0 30px 0;\"><div class=\"um-col-1\"><div  class=\"um-field um-field-block  um-field-block um-field-type_block\" data-key=\"um_block_228_5\"><label for=\"username-228\">F\u00fcr den Zugriff auf den internen Teil bitte anmelden. Falls Sie noch keine g\u00fcltigen Anmeldedaten haben, m\u00fcssen Sie sich zun\u00e4chst registrieren.<\/label><\/div><\/div><div class=\"um-col-1\"><div  id=\"um_field_228_username\" class=\"um-field um-field-text  um-field-username um-field-text um-field-type_text\" data-key=\"username\"><div class=\"um-field-label\"><label for=\"username-228\">Benutzername oder E-Mail<\/label><div class=\"um-clear\"><\/div><\/div><div class=\"um-field-area\"><input  autocomplete=\"off\" class=\"um-form-field valid \" type=\"text\" name=\"username-228\" id=\"username-228\" value=\"\" placeholder=\"\" data-validate=\"unique_username_or_email\" data-key=\"username\"  aria-invalid=\"false\" \/>\n\n\t\t\t\t\t\t<\/div><\/div><div  id=\"um_field_228_user_password\" class=\"um-field um-field-password  um-field-user_password um-field-password um-field-type_password\" data-key=\"user_password\"><div class=\"um-field-label\"><label for=\"user_password-228\">Passwort<\/label><div class=\"um-clear\"><\/div><\/div><div class=\"um-field-area\"><div class=\"um-field-area-password\">\n\t\t\t\t\t\t\t\t\t<input class=\"um-form-field valid \" type=\"password\" name=\"user_password-228\" id=\"user_password-228\" value=\"\" placeholder=\"\" data-validate=\"\" data-key=\"user_password\"  aria-invalid=\"false\" \/>\n\t\t\t\t\t\t\t\t\t<span class=\"um-toggle-password\"><i class=\"um-icon-eye\"><\/i><\/span>\n\t\t\t\t\t\t\t\t<\/div>\n\t\t\t\t\t\t\t<\/div><\/div><\/div><\/div>\t<input type=\"hidden\" name=\"form_id\" id=\"form_id_228\" value=\"228\" \/>\n\t\t<p class=\"um_request_name\">\n\t\t<label for=\"um_request_228\">Only fill in if you are not human<\/label>\n\t\t<input type=\"hidden\" name=\"um_request\" id=\"um_request_228\" class=\"input\" value=\"\" size=\"25\" autocomplete=\"off\" \/>\n\t<\/p>\n\t<input type=\"hidden\" name=\"redirect_to\" id=\"redirect_to\" value=\"https:\/\/v-kleist.com\/WordPress\/home\" \/><input type=\"hidden\" id=\"_wpnonce\" name=\"_wpnonce\" value=\"87ebf47b59\" \/><input type=\"hidden\" name=\"_wp_http_referer\" value=\"\/WordPress\/wp-json\/wp\/v2\/pages\/232\" \/>\n\t<div class=\"um-col-alt\">\n\n\t\t\n\t\t\t<div class=\"um-left um-half\">\n\t\t\t\t<input type=\"submit\" value=\"Anmelden\" class=\"um-button\" id=\"um-submit-btn\" \/>\n\t\t\t<\/div>\n\t\t\t<div class=\"um-right um-half\">\n\t\t\t\t<a href=\"https:\/\/v-kleist.com\/WordPress\/register\/\" class=\"um-button um-alt\">\n\t\t\t\t\tRegistrieren\t\t\t\t<\/a>\n\t\t\t<\/div>\n\n\t\t\n\t\t<div class=\"um-clear\"><\/div>\n\n\t<\/div>\n\n\t\n\t<div class=\"um-col-alt-b\">\n\t\t<a href=\"https:\/\/v-kleist.com\/WordPress\/password-reset\/\" class=\"um-link-alt\">\n\t\t\tPasswort vergessen?\t\t<\/a>\n\t<\/div>\n\n\t\t\t<\/form>\n\t<\/div>\n<\/div>\n<style>\n\t\t\t.um-228.um {\n\t\t\tmax-width: 450px;\n\t\t}\n\t\t<\/style>\n\n","protected":false},"excerpt":{"rendered":"","protected":false},"author":1,"featured_media":0,"parent":0,"menu_order":0,"comment_status":"closed","ping_status":"closed","template":"","meta":{"ngg_post_thumbnail":0,"footnotes":""},"class_list":["post-232","page","type-page","status-publish","hentry","entry"],"yoast_head":"<!-- This site is optimized with the Yoast SEO plugin v27.3 - https:\/\/yoast.com\/product\/yoast-seo-wordpress\/ -->\n<title>Anmelden -<\/title>\n<meta name=\"robots\" content=\"noindex, follow, max-snippet:-1, max-image-preview:large, max-video-preview:-1\" \/>\n<meta property=\"og:locale\" content=\"de_DE\" \/>\n<meta property=\"og:type\" content=\"article\" \/>\n<meta property=\"og:title\" content=\"Anmelden -\" \/>\n<meta property=\"og:url\" content=\"https:\/\/v-kleist.com\/WordPress\/login\/\" \/>\n<meta property=\"article:modified_time\" content=\"2022-10-18T17:42:09+00:00\" \/>\n<meta name=\"twitter:card\" content=\"summary_large_image\" \/>\n<script type=\"application\/ld+json\" class=\"yoast-schema-graph\">{\"@context\":\"https:\\\/\\\/schema.org\",\"@graph\":[{\"@type\":\"WebPage\",\"@id\":\"https:\\\/\\\/v-kleist.com\\\/WordPress\\\/login\\\/\",\"url\":\"https:\\\/\\\/v-kleist.com\\\/WordPress\\\/login\\\/\",\"name\":\"Anmelden -\",\"isPartOf\":{\"@id\":\"https:\\\/\\\/v-kleist.com\\\/WordPress\\\/#website\"},\"datePublished\":\"2022-10-15T20:55:01+00:00\",\"dateModified\":\"2022-10-18T17:42:09+00:00\",\"breadcrumb\":{\"@id\":\"https:\\\/\\\/v-kleist.com\\\/WordPress\\\/login\\\/#breadcrumb\"},\"inLanguage\":\"de\",\"potentialAction\":[{\"@type\":\"ReadAction\",\"target\":[\"https:\\\/\\\/v-kleist.com\\\/WordPress\\\/login\\\/\"]}]},{\"@type\":\"BreadcrumbList\",\"@id\":\"https:\\\/\\\/v-kleist.com\\\/WordPress\\\/login\\\/#breadcrumb\",\"itemListElement\":[{\"@type\":\"ListItem\",\"position\":1,\"name\":\"Startseite\",\"item\":\"https:\\\/\\\/v-kleist.com\\\/WordPress\\\/\"},{\"@type\":\"ListItem\",\"position\":2,\"name\":\"Anmelden\"}]},{\"@type\":\"WebSite\",\"@id\":\"https:\\\/\\\/v-kleist.com\\\/WordPress\\\/#website\",\"url\":\"https:\\\/\\\/v-kleist.com\\\/WordPress\\\/\",\"name\":\"\",\"description\":\"\",\"potentialAction\":[{\"@type\":\"SearchAction\",\"target\":{\"@type\":\"EntryPoint\",\"urlTemplate\":\"https:\\\/\\\/v-kleist.com\\\/WordPress\\\/?s={search_term_string}\"},\"query-input\":{\"@type\":\"PropertyValueSpecification\",\"valueRequired\":true,\"valueName\":\"search_term_string\"}}],\"inLanguage\":\"de\"}]}<\/script>\n<!-- \/ Yoast SEO plugin. -->","yoast_head_json":{"title":"Anmelden -","robots":{"index":"noindex","follow":"follow","max-snippet":"max-snippet:-1","max-image-preview":"max-image-preview:large","max-video-preview":"max-video-preview:-1"},"og_locale":"de_DE","og_type":"article","og_title":"Anmelden -","og_url":"https:\/\/v-kleist.com\/WordPress\/login\/","article_modified_time":"2022-10-18T17:42:09+00:00","twitter_card":"summary_large_image","schema":{"@context":"https:\/\/schema.org","@graph":[{"@type":"WebPage","@id":"https:\/\/v-kleist.com\/WordPress\/login\/","url":"https:\/\/v-kleist.com\/WordPress\/login\/","name":"Anmelden -","isPartOf":{"@id":"https:\/\/v-kleist.com\/WordPress\/#website"},"datePublished":"2022-10-15T20:55:01+00:00","dateModified":"2022-10-18T17:42:09+00:00","breadcrumb":{"@id":"https:\/\/v-kleist.com\/WordPress\/login\/#breadcrumb"},"inLanguage":"de","potentialAction":[{"@type":"ReadAction","target":["https:\/\/v-kleist.com\/WordPress\/login\/"]}]},{"@type":"BreadcrumbList","@id":"https:\/\/v-kleist.com\/WordPress\/login\/#breadcrumb","itemListElement":[{"@type":"ListItem","position":1,"name":"Startseite","item":"https:\/\/v-kleist.com\/WordPress\/"},{"@type":"ListItem","position":2,"name":"Anmelden"}]},{"@type":"WebSite","@id":"https:\/\/v-kleist.com\/WordPress\/#website","url":"https:\/\/v-kleist.com\/WordPress\/","name":"","description":"","potentialAction":[{"@type":"SearchAction","target":{"@type":"EntryPoint","urlTemplate":"https:\/\/v-kleist.com\/WordPress\/?s={search_term_string}"},"query-input":{"@type":"PropertyValueSpecification","valueRequired":true,"valueName":"search_term_string"}}],"inLanguage":"de"}]}},"_links":{"self":[{"href":"https:\/\/v-kleist.com\/WordPress\/wp-json\/wp\/v2\/pages\/232","targetHints":{"allow":["GET"]}}],"collection":[{"href":"https:\/\/v-kleist.com\/WordPress\/wp-json\/wp\/v2\/pages"}],"about":[{"href":"https:\/\/v-kleist.com\/WordPress\/wp-json\/wp\/v2\/types\/page"}],"author":[{"embeddable":true,"href":"https:\/\/v-kleist.com\/WordPress\/wp-json\/wp\/v2\/users\/1"}],"replies":[{"embeddable":true,"href":"https:\/\/v-kleist.com\/WordPress\/wp-json\/wp\/v2\/comments?post=232"}],"version-history":[{"count":1,"href":"https:\/\/v-kleist.com\/WordPress\/wp-json\/wp\/v2\/pages\/232\/revisions"}],"predecessor-version":[{"id":241,"href":"https:\/\/v-kleist.com\/WordPress\/wp-json\/wp\/v2\/pages\/232\/revisions\/241"}],"wp:attachment":[{"href":"https:\/\/v-kleist.com\/WordPress\/wp-json\/wp\/v2\/media?parent=232"}],"curies":[{"name":"wp","href":"https:\/\/api.w.org\/{rel}","templated":true}]}}